{"id":216,"date":"2021-03-17T14:23:50","date_gmt":"2021-03-17T14:23:50","guid":{"rendered":"https:\/\/propuestaformacion.itakaescolapios.org\/?page_id=216"},"modified":"2021-03-18T12:46:04","modified_gmt":"2021-03-18T12:46:04","slug":"mision","status":"publish","type":"page","link":"https:\/\/formacion.itakaescolapios.org\/pb\/mision\/","title":{"rendered":"Miss\u00e3o das Escolas Pias: educa\u00e7\u00e3o, evangeliza\u00e7\u00e3o e transforma\u00e7\u00e3o social"},"content":{"rendered":"","protected":false},"excerpt":{"rendered":"","protected":false},"author":1,"featured_media":0,"parent":0,"menu_order":0,"comment_status":"closed","ping_status":"closed","template":"","meta":{"_acf_changed":false,"footnotes":""},"class_list":["post-216","page","type-page","status-publish","hentry"],"acf":[],"_links":{"self":[{"href":"https:\/\/formacion.itakaescolapios.org\/pb\/wp-json\/wp\/v2\/pages\/216","targetHints":{"allow":["GET"]}}],"collection":[{"href":"https:\/\/formacion.itakaescolapios.org\/pb\/wp-json\/wp\/v2\/pages"}],"about":[{"href":"https:\/\/formacion.itakaescolapios.org\/pb\/wp-json\/wp\/v2\/types\/page"}],"author":[{"embeddable":true,"href":"https:\/\/formacion.itakaescolapios.org\/pb\/wp-json\/wp\/v2\/users\/1"}],"replies":[{"embeddable":true,"href":"https:\/\/formacion.itakaescolapios.org\/pb\/wp-json\/wp\/v2\/comments?post=216"}],"version-history":[{"count":2,"href":"https:\/\/formacion.itakaescolapios.org\/pb\/wp-json\/wp\/v2\/pages\/216\/revisions"}],"predecessor-version":[{"id":229,"href":"https:\/\/formacion.itakaescolapios.org\/pb\/wp-json\/wp\/v2\/pages\/216\/revisions\/229"}],"wp:attachment":[{"href":"https:\/\/formacion.itakaescolapios.org\/pb\/wp-json\/wp\/v2\/media?parent=216"}],"curies":[{"name":"wp","href":"https:\/\/api.w.org\/{rel}","templated":true}]}}